{"id":9057,"date":"2025-09-22T11:25:00","date_gmt":"2025-09-22T11:25:00","guid":{"rendered":"https:\/\/altpro.com\/impressum\/"},"modified":"2026-01-19T14:04:12","modified_gmt":"2026-01-19T14:04:12","slug":"impressum","status":"publish","type":"page","link":"https:\/\/altpro.com\/hr\/impressum\/","title":{"rendered":"Impressum"},"content":{"rendered":"\t\t<div data-elementor-type=\"wp-post\" data-elementor-id=\"9057\" class=\"elementor elementor-9057 elementor-1654\" data-elementor-settings=\"{&quot;element_pack_global_tooltip_width&quot;:{&quot;unit&quot;:&quot;px&quot;,&quot;size&quot;:&quot;&quot;,&quot;sizes&quot;:[]},&quot;element_pack_global_tooltip_width_tablet&quot;:{&quot;unit&quot;:&quot;px&quot;,&quot;size&quot;:&quot;&quot;,&quot;sizes&quot;:[]},&quot;element_pack_global_tooltip_width_mobile&quot;:{&quot;unit&quot;:&quot;px&quot;,&quot;size&quot;:&quot;&quot;,&quot;sizes&quot;:[]},&quot;element_pack_global_tooltip_padding&quot;:{&quot;unit&quot;:&quot;px&quot;,&quot;top&quot;:&quot;&quot;,&quot;right&quot;:&quot;&quot;,&quot;bottom&quot;:&quot;&quot;,&quot;left&quot;:&quot;&quot;,&quot;isLinked&quot;:true},&quot;element_pack_global_tooltip_padding_tablet&quot;:{&quot;unit&quot;:&quot;px&quot;,&quot;top&quot;:&quot;&quot;,&quot;right&quot;:&quot;&quot;,&quot;bottom&quot;:&quot;&quot;,&quot;left&quot;:&quot;&quot;,&quot;isLinked&quot;:true},&quot;element_pack_global_tooltip_padding_mobile&quot;:{&quot;unit&quot;:&quot;px&quot;,&quot;top&quot;:&quot;&quot;,&quot;right&quot;:&quot;&quot;,&quot;bottom&quot;:&quot;&quot;,&quot;left&quot;:&quot;&quot;,&quot;isLinked&quot;:true},&quot;element_pack_global_tooltip_border_radius&quot;:{&quot;unit&quot;:&quot;px&quot;,&quot;top&quot;:&quot;&quot;,&quot;right&quot;:&quot;&quot;,&quot;bottom&quot;:&quot;&quot;,&quot;left&quot;:&quot;&quot;,&quot;isLinked&quot;:true},&quot;element_pack_global_tooltip_border_radius_tablet&quot;:{&quot;unit&quot;:&quot;px&quot;,&quot;top&quot;:&quot;&quot;,&quot;right&quot;:&quot;&quot;,&quot;bottom&quot;:&quot;&quot;,&quot;left&quot;:&quot;&quot;,&quot;isLinked&quot;:true},&quot;element_pack_global_tooltip_border_radius_mobile&quot;:{&quot;unit&quot;:&quot;px&quot;,&quot;top&quot;:&quot;&quot;,&quot;right&quot;:&quot;&quot;,&quot;bottom&quot;:&quot;&quot;,&quot;left&quot;:&quot;&quot;,&quot;isLinked&quot;:true}}\">\n\t\t\t\t<div class=\"elementor-element elementor-element-7def8bf e-flex e-con-boxed e-con e-parent\" data-id=\"7def8bf\" data-element_type=\"container\" data-settings=\"{&quot;background_background&quot;:&quot;classic&quot;}\">\n\t\t\t\t\t<div class=\"e-con-inner\">\n\t\t\t\t<div class=\"elementor-element elementor-element-cc39d6c  ui-split-animate ui-splitby-lines ui-e-a-animate elementor-widget elementor-widget-highlighted-text\" data-id=\"cc39d6c\" data-element_type=\"widget\" data-settings=\"{&quot;ui_animate_split&quot;:&quot;ui-split-animate&quot;,&quot;ui_animate_split_by&quot;:&quot;lines&quot;,&quot;ui_animate_split_style&quot;:&quot;fadeInRight&quot;}\" data-widget_type=\"highlighted-text.default\">\n\t\t\t\t\t        <h1 class=\"ui-e--highlighted-text\">\n            <span class=\"ui-e-headline-text elementor-repeater-item-0c61f4d ui-e-headline-stroke1\">\n\t\t\t\t\t\t\t\t\t<span class=\"whitespace\"><\/span>\n                                    <span>\n                                        <span class=\"ui-e-headline-text ui-e-headline-highlighted\">Impressum<\/span><span class=\"uicore-svg-wrapper\"><svg xmlns=\"http:\/\/www.w3.org\/2000\/svg\" viewBox=\"0 0 500 150\" preserveAspectRatio=\"none\"><path d='M15.2,133.3L15.2,133.3c121.9-7.6,244-9.9,366.1-6.8c34.6,0.9,69.1,2.3,103.7,4' \/><\/svg><\/span><\/span> <span class=\"whitespace\"> <\/span><\/span>        <\/h1>\n    \t\t\t\t<\/div>\n\t\t\t\t<div class=\"elementor-element elementor-element-a2440c2 elementor-widget__width-initial elementor-absolute e-transform elementor-widget elementor-widget-spacer\" data-id=\"a2440c2\" data-element_type=\"widget\" data-settings=\"{&quot;_position&quot;:&quot;absolute&quot;,&quot;_transform_skewX_effect&quot;:{&quot;unit&quot;:&quot;px&quot;,&quot;size&quot;:-40,&quot;sizes&quot;:[]},&quot;_transform_skewX_effect_tablet&quot;:{&quot;unit&quot;:&quot;deg&quot;,&quot;size&quot;:&quot;&quot;,&quot;sizes&quot;:[]},&quot;_transform_skewX_effect_mobile&quot;:{&quot;unit&quot;:&quot;deg&quot;,&quot;size&quot;:&quot;&quot;,&quot;sizes&quot;:[]},&quot;_transform_skewY_effect&quot;:{&quot;unit&quot;:&quot;px&quot;,&quot;size&quot;:&quot;&quot;,&quot;sizes&quot;:[]},&quot;_transform_skewY_effect_tablet&quot;:{&quot;unit&quot;:&quot;deg&quot;,&quot;size&quot;:&quot;&quot;,&quot;sizes&quot;:[]},&quot;_transform_skewY_effect_mobile&quot;:{&quot;unit&quot;:&quot;deg&quot;,&quot;size&quot;:&quot;&quot;,&quot;sizes&quot;:[]}}\" data-widget_type=\"spacer.default\">\n\t\t\t\t\t\t\t<div class=\"elementor-spacer\">\n\t\t\t<div class=\"elementor-spacer-inner\"><\/div>\n\t\t<\/div>\n\t\t\t\t\t\t<\/div>\n\t\t\t\t\t<\/div>\n\t\t\t\t<\/div>\n\t\t<div class=\"elementor-element elementor-element-52a63b9 e-flex e-con-boxed e-con e-parent\" data-id=\"52a63b9\" data-element_type=\"container\" data-settings=\"{&quot;background_background&quot;:&quot;classic&quot;}\">\n\t\t\t\t\t<div class=\"e-con-inner\">\n\t\t<div class=\"elementor-element elementor-element-20d7ff5 e-con-full e-flex e-con e-child\" data-id=\"20d7ff5\" data-element_type=\"container\">\n\t\t<div class=\"elementor-element elementor-element-b5b131d e-con-full e-flex e-con e-child\" data-id=\"b5b131d\" data-element_type=\"container\">\n\t\t\t\t<div class=\"elementor-element elementor-element-3adb750 elementor-widget elementor-widget-text-editor\" data-id=\"3adb750\" data-element_type=\"widget\" data-widget_type=\"text-editor.default\">\n\t\t\t\t\t\t\t\t\t<p>ALTPRO d.o.o.<\/p><p>Sjedi\u0161te: Orahovac 4, 10000 Zagreb<\/p><p>Adresa tvrtke: Velika cesta 41, 10020 Zagreb &#8211; Odra<\/p><p>OIB: 62534176727<\/p><p>Upisan u sudski registar Trgova\u010dkog suda u Zagrebu pod brojem 080253389<\/p><p>Temeljni kapital 909.140,00 EUR upla\u0107en u cijelosti<\/p><p>Uprava: Zvonimir Viduka, Boris Vo\u0161\u0107un; zastupa dru\u0161tvo samostalno i pojedina\u010dno<\/p><p>\u00a0<\/p><p>OTP banka d.d., Domovinskog rata 61, 21000 Split<\/p><p>IBAN: HR 31 240 7000 1100 046425<\/p><p>Erste &amp; Steierm\u00e4rkische banka d.d.; Ul. Ivana Lu\u010di\u0107a 2, 10000 Zagreb<\/p><p>IBAN: HR 80 240 2006 11000 77722<\/p><p>Partner banka d.d.; Von\u010dinina ul. 2, 10000 Zagreb<\/p><p>IBAN: HR 02 240 8002 11000 44021<\/p><p>Hrvatska po\u0161tanska banka d.d., Juri\u0161i\u0107eva 4, 10000 Zagreb<\/p><p>IBAN: HR7823900011198010838<\/p>\t\t\t\t\t\t\t\t<\/div>\n\t\t\t\t<\/div>\n\t\t\t\t<\/div>\n\t\t\t\t\t<\/div>\n\t\t\t\t<\/div>\n\t\t\t\t<\/div>\n\t\t","protected":false},"excerpt":{"rendered":"<p>Impressum ALTPRO d.o.o. Sjedi\u0161te: Orahovac 4, 10000 Zagreb Adresa tvrtke: Velika cesta 41, 10020 Zagreb &#8211; Odra OIB: 62534176727 Upisan u sudski registar Trgova\u010dkog suda u Zagrebu pod brojem 080253389 Temeljni kapital 909.140,00 EUR upla\u0107en u cijelosti Uprava: Zvonimir Viduka, Boris Vo\u0161\u0107un; zastupa dru\u0161tvo samostalno i pojedina\u010dno \u00a0 OTP banka d.d., Domovinskog rata 61, 21000 [&hellip;]<\/p>\n","protected":false},"author":1,"featured_media":2858,"parent":0,"menu_order":0,"comment_status":"closed","ping_status":"closed","template":"","meta":{"_acf_changed":false,"footnotes":""},"categories":[],"class_list":["post-9057","page","type-page","status-publish","has-post-thumbnail","hentry"],"acf":[],"yoast_head":"<!-- This site is optimized with the Yoast SEO plugin v26.0 - https:\/\/yoast.com\/wordpress\/plugins\/seo\/ -->\n<title>Impressum - ALTPRO<\/title>\n<meta name=\"robots\" content=\"index, follow, max-snippet:-1, max-image-preview:large, max-video-preview:-1\" \/>\n<link rel=\"canonical\" href=\"https:\/\/altpro.com\/hr\/impressum\/\" \/>\n<meta property=\"og:locale\" content=\"hr_HR\" \/>\n<meta property=\"og:type\" content=\"article\" \/>\n<meta property=\"og:title\" content=\"Impressum - ALTPRO\" \/>\n<meta property=\"og:description\" content=\"Impressum ALTPRO d.o.o. Sjedi\u0161te: Orahovac 4, 10000 Zagreb Adresa tvrtke: Velika cesta 41, 10020 Zagreb &#8211; Odra OIB: 62534176727 Upisan u sudski registar Trgova\u010dkog suda u Zagrebu pod brojem 080253389 Temeljni kapital 909.140,00 EUR upla\u0107en u cijelosti Uprava: Zvonimir Viduka, Boris Vo\u0161\u0107un; zastupa dru\u0161tvo samostalno i pojedina\u010dno \u00a0 OTP banka d.d., Domovinskog rata 61, 21000 [&hellip;]\" \/>\n<meta property=\"og:url\" content=\"https:\/\/altpro.com\/hr\/impressum\/\" \/>\n<meta property=\"og:site_name\" content=\"ALTPRO\" \/>\n<meta property=\"article:modified_time\" content=\"2026-01-19T14:04:12+00:00\" \/>\n<meta property=\"og:image\" content=\"https:\/\/altpro.com\/wp-content\/uploads\/2025\/09\/Altpro-railway-crosssing-protection-system-4.jpg\" \/>\n\t<meta property=\"og:image:width\" content=\"1920\" \/>\n\t<meta property=\"og:image:height\" content=\"1200\" \/>\n\t<meta property=\"og:image:type\" content=\"image\/jpeg\" \/>\n<meta name=\"twitter:card\" content=\"summary_large_image\" \/>\n<meta name=\"twitter:label1\" content=\"Procijenjeno vrijeme \u010ditanja\" \/>\n\t<meta name=\"twitter:data1\" content=\"1 minuta\" \/>\n<script type=\"application\/ld+json\" class=\"yoast-schema-graph\">{\"@context\":\"https:\/\/schema.org\",\"@graph\":[{\"@type\":\"WebPage\",\"@id\":\"https:\/\/altpro.com\/hr\/impressum\/\",\"url\":\"https:\/\/altpro.com\/hr\/impressum\/\",\"name\":\"Impressum - ALTPRO\",\"isPartOf\":{\"@id\":\"https:\/\/altpro.com\/#website\"},\"primaryImageOfPage\":{\"@id\":\"https:\/\/altpro.com\/hr\/impressum\/#primaryimage\"},\"image\":{\"@id\":\"https:\/\/altpro.com\/hr\/impressum\/#primaryimage\"},\"thumbnailUrl\":\"https:\/\/altpro.com\/wp-content\/uploads\/2025\/09\/Altpro-railway-crosssing-protection-system-4.jpg\",\"datePublished\":\"2025-09-22T11:25:00+00:00\",\"dateModified\":\"2026-01-19T14:04:12+00:00\",\"breadcrumb\":{\"@id\":\"https:\/\/altpro.com\/hr\/impressum\/#breadcrumb\"},\"inLanguage\":\"hr\",\"potentialAction\":[{\"@type\":\"ReadAction\",\"target\":[\"https:\/\/altpro.com\/hr\/impressum\/\"]}]},{\"@type\":\"ImageObject\",\"inLanguage\":\"hr\",\"@id\":\"https:\/\/altpro.com\/hr\/impressum\/#primaryimage\",\"url\":\"https:\/\/altpro.com\/wp-content\/uploads\/2025\/09\/Altpro-railway-crosssing-protection-system-4.jpg\",\"contentUrl\":\"https:\/\/altpro.com\/wp-content\/uploads\/2025\/09\/Altpro-railway-crosssing-protection-system-4.jpg\",\"width\":1920,\"height\":1200},{\"@type\":\"BreadcrumbList\",\"@id\":\"https:\/\/altpro.com\/hr\/impressum\/#breadcrumb\",\"itemListElement\":[{\"@type\":\"ListItem\",\"position\":1,\"name\":\"Home\",\"item\":\"https:\/\/altpro.com\/\"},{\"@type\":\"ListItem\",\"position\":2,\"name\":\"Impressum\"}]},{\"@type\":\"WebSite\",\"@id\":\"https:\/\/altpro.com\/#website\",\"url\":\"https:\/\/altpro.com\/\",\"name\":\"ALTPRO\",\"description\":\"We engineer railway safety\",\"potentialAction\":[{\"@type\":\"SearchAction\",\"target\":{\"@type\":\"EntryPoint\",\"urlTemplate\":\"https:\/\/altpro.com\/?s={search_term_string}\"},\"query-input\":{\"@type\":\"PropertyValueSpecification\",\"valueRequired\":true,\"valueName\":\"search_term_string\"}}],\"inLanguage\":\"hr\"}]}<\/script>\n<!-- \/ Yoast SEO plugin. -->","yoast_head_json":{"title":"Impressum - ALTPRO","robots":{"index":"index","follow":"follow","max-snippet":"max-snippet:-1","max-image-preview":"max-image-preview:large","max-video-preview":"max-video-preview:-1"},"canonical":"https:\/\/altpro.com\/hr\/impressum\/","og_locale":"hr_HR","og_type":"article","og_title":"Impressum - ALTPRO","og_description":"Impressum ALTPRO d.o.o. Sjedi\u0161te: Orahovac 4, 10000 Zagreb Adresa tvrtke: Velika cesta 41, 10020 Zagreb &#8211; Odra OIB: 62534176727 Upisan u sudski registar Trgova\u010dkog suda u Zagrebu pod brojem 080253389 Temeljni kapital 909.140,00 EUR upla\u0107en u cijelosti Uprava: Zvonimir Viduka, Boris Vo\u0161\u0107un; zastupa dru\u0161tvo samostalno i pojedina\u010dno \u00a0 OTP banka d.d., Domovinskog rata 61, 21000 [&hellip;]","og_url":"https:\/\/altpro.com\/hr\/impressum\/","og_site_name":"ALTPRO","article_modified_time":"2026-01-19T14:04:12+00:00","og_image":[{"width":1920,"height":1200,"url":"https:\/\/altpro.com\/wp-content\/uploads\/2025\/09\/Altpro-railway-crosssing-protection-system-4.jpg","type":"image\/jpeg"}],"twitter_card":"summary_large_image","twitter_misc":{"Procijenjeno vrijeme \u010ditanja":"1 minuta"},"schema":{"@context":"https:\/\/schema.org","@graph":[{"@type":"WebPage","@id":"https:\/\/altpro.com\/hr\/impressum\/","url":"https:\/\/altpro.com\/hr\/impressum\/","name":"Impressum - ALTPRO","isPartOf":{"@id":"https:\/\/altpro.com\/#website"},"primaryImageOfPage":{"@id":"https:\/\/altpro.com\/hr\/impressum\/#primaryimage"},"image":{"@id":"https:\/\/altpro.com\/hr\/impressum\/#primaryimage"},"thumbnailUrl":"https:\/\/altpro.com\/wp-content\/uploads\/2025\/09\/Altpro-railway-crosssing-protection-system-4.jpg","datePublished":"2025-09-22T11:25:00+00:00","dateModified":"2026-01-19T14:04:12+00:00","breadcrumb":{"@id":"https:\/\/altpro.com\/hr\/impressum\/#breadcrumb"},"inLanguage":"hr","potentialAction":[{"@type":"ReadAction","target":["https:\/\/altpro.com\/hr\/impressum\/"]}]},{"@type":"ImageObject","inLanguage":"hr","@id":"https:\/\/altpro.com\/hr\/impressum\/#primaryimage","url":"https:\/\/altpro.com\/wp-content\/uploads\/2025\/09\/Altpro-railway-crosssing-protection-system-4.jpg","contentUrl":"https:\/\/altpro.com\/wp-content\/uploads\/2025\/09\/Altpro-railway-crosssing-protection-system-4.jpg","width":1920,"height":1200},{"@type":"BreadcrumbList","@id":"https:\/\/altpro.com\/hr\/impressum\/#breadcrumb","itemListElement":[{"@type":"ListItem","position":1,"name":"Home","item":"https:\/\/altpro.com\/"},{"@type":"ListItem","position":2,"name":"Impressum"}]},{"@type":"WebSite","@id":"https:\/\/altpro.com\/#website","url":"https:\/\/altpro.com\/","name":"ALTPRO","description":"We engineer railway safety","potentialAction":[{"@type":"SearchAction","target":{"@type":"EntryPoint","urlTemplate":"https:\/\/altpro.com\/?s={search_term_string}"},"query-input":{"@type":"PropertyValueSpecification","valueRequired":true,"valueName":"search_term_string"}}],"inLanguage":"hr"}]}},"_links":{"self":[{"href":"https:\/\/altpro.com\/hr\/wp-json\/wp\/v2\/pages\/9057","targetHints":{"allow":["GET"]}}],"collection":[{"href":"https:\/\/altpro.com\/hr\/wp-json\/wp\/v2\/pages"}],"about":[{"href":"https:\/\/altpro.com\/hr\/wp-json\/wp\/v2\/types\/page"}],"author":[{"embeddable":true,"href":"https:\/\/altpro.com\/hr\/wp-json\/wp\/v2\/users\/1"}],"replies":[{"embeddable":true,"href":"https:\/\/altpro.com\/hr\/wp-json\/wp\/v2\/comments?post=9057"}],"version-history":[{"count":3,"href":"https:\/\/altpro.com\/hr\/wp-json\/wp\/v2\/pages\/9057\/revisions"}],"predecessor-version":[{"id":9314,"href":"https:\/\/altpro.com\/hr\/wp-json\/wp\/v2\/pages\/9057\/revisions\/9314"}],"wp:featuredmedia":[{"embeddable":true,"href":"https:\/\/altpro.com\/hr\/wp-json\/wp\/v2\/media\/2858"}],"wp:attachment":[{"href":"https:\/\/altpro.com\/hr\/wp-json\/wp\/v2\/media?parent=9057"}],"wp:term":[{"taxonomy":"category","embeddable":true,"href":"https:\/\/altpro.com\/hr\/wp-json\/wp\/v2\/categories?post=9057"}],"curies":[{"name":"wp","href":"https:\/\/api.w.org\/{rel}","templated":true}]}}