{"id":7941,"date":"2025-12-12T12:45:55","date_gmt":"2025-12-12T12:45:55","guid":{"rendered":"https:\/\/altpro.com\/infrastructure-signalling\/related-products\/track-balises\/"},"modified":"2026-01-21T11:29:20","modified_gmt":"2026-01-21T11:29:20","slug":"pruzne-balize","status":"publish","type":"page","link":"https:\/\/altpro.com\/hr\/signalno-sigurnosni-sustavi-za-infrastrukturu\/povezani-proizvodi\/pruzne-balize\/","title":{"rendered":"Pru\u017ene balize"},"content":{"rendered":"\t\t<div data-elementor-type=\"wp-page\" data-elementor-id=\"7941\" class=\"elementor elementor-7941 elementor-7314\" data-elementor-settings=\"{&quot;element_pack_global_tooltip_width&quot;:{&quot;unit&quot;:&quot;px&quot;,&quot;size&quot;:&quot;&quot;,&quot;sizes&quot;:[]},&quot;element_pack_global_tooltip_width_tablet&quot;:{&quot;unit&quot;:&quot;px&quot;,&quot;size&quot;:&quot;&quot;,&quot;sizes&quot;:[]},&quot;element_pack_global_tooltip_width_mobile&quot;:{&quot;unit&quot;:&quot;px&quot;,&quot;size&quot;:&quot;&quot;,&quot;sizes&quot;:[]},&quot;element_pack_global_tooltip_padding&quot;:{&quot;unit&quot;:&quot;px&quot;,&quot;top&quot;:&quot;&quot;,&quot;right&quot;:&quot;&quot;,&quot;bottom&quot;:&quot;&quot;,&quot;left&quot;:&quot;&quot;,&quot;isLinked&quot;:true},&quot;element_pack_global_tooltip_padding_tablet&quot;:{&quot;unit&quot;:&quot;px&quot;,&quot;top&quot;:&quot;&quot;,&quot;right&quot;:&quot;&quot;,&quot;bottom&quot;:&quot;&quot;,&quot;left&quot;:&quot;&quot;,&quot;isLinked&quot;:true},&quot;element_pack_global_tooltip_padding_mobile&quot;:{&quot;unit&quot;:&quot;px&quot;,&quot;top&quot;:&quot;&quot;,&quot;right&quot;:&quot;&quot;,&quot;bottom&quot;:&quot;&quot;,&quot;left&quot;:&quot;&quot;,&quot;isLinked&quot;:true},&quot;element_pack_global_tooltip_border_radius&quot;:{&quot;unit&quot;:&quot;px&quot;,&quot;top&quot;:&quot;&quot;,&quot;right&quot;:&quot;&quot;,&quot;bottom&quot;:&quot;&quot;,&quot;left&quot;:&quot;&quot;,&quot;isLinked&quot;:true},&quot;element_pack_global_tooltip_border_radius_tablet&quot;:{&quot;unit&quot;:&quot;px&quot;,&quot;top&quot;:&quot;&quot;,&quot;right&quot;:&quot;&quot;,&quot;bottom&quot;:&quot;&quot;,&quot;left&quot;:&quot;&quot;,&quot;isLinked&quot;:true},&quot;element_pack_global_tooltip_border_radius_mobile&quot;:{&quot;unit&quot;:&quot;px&quot;,&quot;top&quot;:&quot;&quot;,&quot;right&quot;:&quot;&quot;,&quot;bottom&quot;:&quot;&quot;,&quot;left&quot;:&quot;&quot;,&quot;isLinked&quot;:true}}\">\n\t\t\t\t<div class=\"elementor-element elementor-element-a19e247 e-con-full e-flex e-con e-parent\" data-id=\"a19e247\" data-element_type=\"container\" data-settings=\"{&quot;background_background&quot;:&quot;classic&quot;}\">\n\t\t<div class=\"elementor-element elementor-element-7c4a103 e-flex e-con-boxed e-con e-child\" data-id=\"7c4a103\" data-element_type=\"container\">\n\t\t\t\t\t<div class=\"e-con-inner\">\n\t\t<div class=\"elementor-element elementor-element-6fab2d9 e-con-full e-flex e-con e-child\" data-id=\"6fab2d9\" data-element_type=\"container\">\n\t\t\t\t<div class=\"elementor-element elementor-element-0f4069d elementor-invisible elementor-widget elementor-widget-heading\" data-id=\"0f4069d\" data-element_type=\"widget\" data-settings=\"{&quot;_animation&quot;:&quot;fadeInRight&quot;,&quot;_animation_delay&quot;:&quot;400&quot;}\" data-widget_type=\"heading.default\">\n\t\t\t\t\t<span class=\"elementor-heading-title elementor-size-default\">Povezani proizvodi<\/span>\t\t\t\t<\/div>\n\t\t\t\t<div class=\"elementor-element elementor-element-1b9ca36  ui-split-animate ui-splitby-lines ui-e-a-animate elementor-widget elementor-widget-highlighted-text\" data-id=\"1b9ca36\" data-element_type=\"widget\" data-settings=\"{&quot;ui_animate_split&quot;:&quot;ui-split-animate&quot;,&quot;ui_animate_split_by&quot;:&quot;lines&quot;,&quot;ui_animate_split_style&quot;:&quot;fadeInRight&quot;}\" data-widget_type=\"highlighted-text.default\">\n\t\t\t\t\t        <h1 class=\"ui-e--highlighted-text\">\n            <span class=\"ui-e-headline-text elementor-repeater-item-0c61f4d ui-e-headline-stroke1\">\n\t\t\t\t\t\t\t\t\t<span class=\"whitespace\"><\/span>\n                                    <span>\n                                        <span class=\"ui-e-headline-text ui-e-headline-highlighted\">Pru\u017ene balize<\/span><span class=\"uicore-svg-wrapper\"><svg xmlns=\"http:\/\/www.w3.org\/2000\/svg\" viewBox=\"0 0 500 150\" preserveAspectRatio=\"none\"><path d='M15.2,133.3L15.2,133.3c121.9-7.6,244-9.9,366.1-6.8c34.6,0.9,69.1,2.3,103.7,4' \/><\/svg><\/span><\/span> <span class=\"whitespace\"> <\/span><\/span><span class=\"ui-e-headline-text elementor-repeater-item-eda1041\"> <br><\/span>        <\/h1>\n    \t\t\t\t<\/div>\n\t\t\t\t<\/div>\n\t\t<div class=\"elementor-element elementor-element-b87c90b e-con-full e-flex e-con e-child\" data-id=\"b87c90b\" data-element_type=\"container\">\n\t\t\t\t<div class=\"elementor-element elementor-element-e86f2e8 elementor-align-right elementor-invisible elementor-widget elementor-widget-button\" data-id=\"e86f2e8\" data-element_type=\"widget\" data-settings=\"{&quot;_animation&quot;:&quot;fadeInUp&quot;,&quot;_animation_delay&quot;:&quot;400&quot;}\" data-widget_type=\"button.default\">\n\t\t\t\t\t\t\t\t\t\t<a class=\"elementor-button elementor-button-link elementor-size-sm\" href=\"https:\/\/altpro.com\/wp-content\/uploads\/2026\/01\/PM_HR.pdf\" target=\"_blank\">\n\t\t\t\t\t\t<span class=\"elementor-button-content-wrapper\">\n\t\t\t\t\t\t<span class=\"elementor-button-icon\">\n\t\t\t\t<svg xmlns=\"http:\/\/www.w3.org\/2000\/svg\" width=\"17\" height=\"16\" viewBox=\"0 0 17 16\" fill=\"none\"><g clip-path=\"url(#clip0_373_2312)\"><path d=\"M13.6729 6.1134L8.36955 11.4167L3.06625 6.1134\" stroke=\"white\" stroke-width=\"1.8\" stroke-linejoin=\"round\"><\/path><path d=\"M8.49902 -0.458252L8.49902 11.4167\" stroke=\"white\" stroke-width=\"1.8\" stroke-linejoin=\"round\"><\/path><path d=\"M16 13.9156L1 13.9156\" stroke=\"white\" stroke-width=\"1.8\" stroke-linejoin=\"round\"><\/path><\/g><defs><clipPath id=\"clip0_373_2312\"><rect width=\"17\" height=\"16\" fill=\"white\"><\/rect><\/clipPath><\/defs><\/svg>\t\t\t<\/span>\n\t\t\t\t\t\t\t\t\t<span class=\"elementor-button-text\">letak<\/span>\n\t\t\t\t\t<\/span>\n\t\t\t\t\t<\/a>\n\t\t\t\t\t\t\t\t<\/div>\n\t\t\t\t<\/div>\n\t\t\t\t\t<\/div>\n\t\t\t\t<\/div>\n\t\t\t\t<div class=\"elementor-element elementor-element-e23cc7e elementor-widget__width-initial elementor-absolute e-transform elementor-widget elementor-widget-spacer\" data-id=\"e23cc7e\" data-element_type=\"widget\" data-settings=\"{&quot;_position&quot;:&quot;absolute&quot;,&quot;_transform_skewX_effect&quot;:{&quot;unit&quot;:&quot;px&quot;,&quot;size&quot;:-40,&quot;sizes&quot;:[]},&quot;_transform_skewX_effect_tablet&quot;:{&quot;unit&quot;:&quot;deg&quot;,&quot;size&quot;:&quot;&quot;,&quot;sizes&quot;:[]},&quot;_transform_skewX_effect_mobile&quot;:{&quot;unit&quot;:&quot;deg&quot;,&quot;size&quot;:&quot;&quot;,&quot;sizes&quot;:[]},&quot;_transform_skewY_effect&quot;:{&quot;unit&quot;:&quot;px&quot;,&quot;size&quot;:&quot;&quot;,&quot;sizes&quot;:[]},&quot;_transform_skewY_effect_tablet&quot;:{&quot;unit&quot;:&quot;deg&quot;,&quot;size&quot;:&quot;&quot;,&quot;sizes&quot;:[]},&quot;_transform_skewY_effect_mobile&quot;:{&quot;unit&quot;:&quot;deg&quot;,&quot;size&quot;:&quot;&quot;,&quot;sizes&quot;:[]}}\" data-widget_type=\"spacer.default\">\n\t\t\t\t\t\t\t<div class=\"elementor-spacer\">\n\t\t\t<div class=\"elementor-spacer-inner\"><\/div>\n\t\t<\/div>\n\t\t\t\t\t\t<\/div>\n\t\t\t\t<\/div>\n\t\t<div class=\"elementor-element elementor-element-a9f0e54 e-flex e-con-boxed e-con e-parent\" data-id=\"a9f0e54\" data-element_type=\"container\">\n\t\t\t\t\t<div class=\"e-con-inner\">\n\t\t<div class=\"elementor-element elementor-element-593083b e-con-full e-flex e-con e-child\" data-id=\"593083b\" data-element_type=\"container\">\n\t\t<div class=\"elementor-element elementor-element-206fbd0 e-con-full e-flex e-con e-child\" data-id=\"206fbd0\" data-element_type=\"container\">\n\t\t\t\t<div class=\"elementor-element elementor-element-e124409 elementor-position-left elementor-mobile-position-left elementor-view-default elementor-invisible elementor-widget elementor-widget-icon-box\" data-id=\"e124409\" data-element_type=\"widget\" data-settings=\"{&quot;_animation&quot;:&quot;fadeInUp&quot;}\" data-widget_type=\"icon-box.default\">\n\t\t\t\t\t\t\t<div class=\"elementor-icon-box-wrapper\">\n\n\t\t\t\t\t\t<div class=\"elementor-icon-box-icon\">\n\t\t\t\t<a href=\"https:\/\/altpro.com\/hr\/signalno-sigurnosni-sustavi-za-infrastrukturu\/povezani-proizvodi\/\" class=\"elementor-icon\" tabindex=\"-1\" aria-label=\"Natrag na Povezane proizvode\">\n\t\t\t\t<svg xmlns=\"http:\/\/www.w3.org\/2000\/svg\" width=\"19\" height=\"20\" viewBox=\"0 0 19 20\" fill=\"none\"><path d=\"M9.97021 1.48529L1.48493 9.97057L9.97022 18.4559\" stroke=\"#006699\" stroke-width=\"2.4\" stroke-linejoin=\"round\"><\/path><\/svg>\t\t\t\t<\/a>\n\t\t\t<\/div>\n\t\t\t\n\t\t\t\t\t\t<div class=\"elementor-icon-box-content\">\n\n\t\t\t\t\t\t\t\t\t<span class=\"elementor-icon-box-title\">\n\t\t\t\t\t\t<a href=\"https:\/\/altpro.com\/hr\/signalno-sigurnosni-sustavi-za-infrastrukturu\/povezani-proizvodi\/\" >\n\t\t\t\t\t\t\tNatrag na Povezane proizvode\t\t\t\t\t\t<\/a>\n\t\t\t\t\t<\/span>\n\t\t\t\t\n\t\t\t\t\n\t\t\t<\/div>\n\t\t\t\n\t\t<\/div>\n\t\t\t\t\t\t<\/div>\n\t\t\t\t<\/div>\n\t\t<div class=\"elementor-element elementor-element-3da9fed e-con-full e-flex e-con e-child\" data-id=\"3da9fed\" data-element_type=\"container\">\n\t\t\t\t<div class=\"elementor-element elementor-element-cbacd4d elementor-widget__width-initial elementor-widget-mobile__width-inherit elementor-invisible elementor-widget elementor-widget-heading\" data-id=\"cbacd4d\" data-element_type=\"widget\" data-settings=\"{&quot;_animation&quot;:&quot;fadeInUp&quot;,&quot;_animation_delay&quot;:&quot;400&quot;}\" data-widget_type=\"heading.default\">\n\t\t\t\t\t<h3 class=\"elementor-heading-title elementor-size-default\">Pru\u017ene balize (magneti) PM500 i PM1020 sastavni su dio sustava za automatsko zaustavljanje \u017eeljezni\u010dkih vozila temeljenih na INDUSI-u koji se koriste u sustavu kontrole i sigurnosti vo\u017enje u \u017eeljezni\u010dkom prometu.<\/h3>\t\t\t\t<\/div>\n\t\t\t\t<\/div>\n\t\t<div class=\"elementor-element elementor-element-13a11fa e-con-full e-flex e-con e-child\" data-id=\"13a11fa\" data-element_type=\"container\">\n\t\t<div class=\"elementor-element elementor-element-d53dbc9 e-con-full e-flex e-con e-child\" data-id=\"d53dbc9\" data-element_type=\"container\">\n\t\t\t\t<\/div>\n\t\t<div class=\"elementor-element elementor-element-8a52910 e-con-full e-flex e-con e-child\" data-id=\"8a52910\" data-element_type=\"container\">\n\t\t\t\t<div class=\"elementor-element elementor-element-289ab5f elementor-invisible elementor-widget elementor-widget-text-editor\" data-id=\"289ab5f\" data-element_type=\"widget\" data-settings=\"{&quot;_animation&quot;:&quot;fadeInUp&quot;}\" data-widget_type=\"text-editor.default\">\n\t\t\t\t\t\t\t\t\t<p>Balize su pru\u017eni (infrastrukturni) dio ATP sustava i vr\u0161e rezonantni utjecaj na lokomotivski dio sustava kad vlak pre\u0111e preko njega.<\/p>\t\t\t\t\t\t\t\t<\/div>\n\t\t\t\t<\/div>\n\t\t\t\t<\/div>\n\t\t\t\t<\/div>\n\t\t\t\t\t<\/div>\n\t\t\t\t<\/div>\n\t\t<div class=\"elementor-element elementor-element-587b795 e-flex e-con-boxed e-con e-parent\" data-id=\"587b795\" data-element_type=\"container\">\n\t\t\t\t\t<div class=\"e-con-inner\">\n\t\t<div class=\"elementor-element elementor-element-ab151e0 e-con-full e-flex e-con e-child\" data-id=\"ab151e0\" data-element_type=\"container\">\n\t\t\t\t<div class=\"elementor-element elementor-element-783d471 elementor-widget elementor-widget-shortcode\" data-id=\"783d471\" data-element_type=\"widget\" data-widget_type=\"shortcode.default\">\n\t\t\t\t\t\t\t<div class=\"elementor-shortcode\"><p><em>vertical_accordion_acf: Please provide page_id.<\/em><\/p><\/div>\n\t\t\t\t\t\t<\/div>\n\t\t\t\t<\/div>\n\t\t\t\t\t<\/div>\n\t\t\t\t<\/div>\n\t\t<div class=\"elementor-element elementor-element-ffc6990 sunno-news e-flex e-con-boxed e-con e-parent\" data-id=\"ffc6990\" data-element_type=\"container\" data-settings=\"{&quot;background_background&quot;:&quot;classic&quot;}\">\n\t\t\t\t\t<div class=\"e-con-inner\">\n\t\t<div class=\"elementor-element elementor-element-2d3e304 e-con-full e-flex e-con e-child\" data-id=\"2d3e304\" data-element_type=\"container\">\n\t\t\t\t<div class=\"elementor-element elementor-element-b01ffcc  ui-split-animate ui-splitby-words elementor-widget elementor-widget-heading\" data-id=\"b01ffcc\" data-element_type=\"widget\" data-settings=\"{&quot;ui_animate_split&quot;:&quot;ui-split-animate&quot;,&quot;ui_animate_split_by&quot;:&quot;words&quot;,&quot;ui_animate_split_style&quot;:&quot;fadeInRight&quot;}\" data-widget_type=\"heading.default\">\n\t\t\t\t\t<h2 class=\"elementor-heading-title elementor-size-default\">Projekti<\/h2>\t\t\t\t<\/div>\n\t\t\t\t<div class=\"elementor-element elementor-element-afdc7a6 ui-e-match-height-yes ui-e-animation-circular ui-e-apg-classic ui-e-img-anim-zoom elementor-invisible elementor-widget elementor-widget-uicore-advanced-post-carousel\" data-id=\"afdc7a6\" data-element_type=\"widget\" data-settings=\"{&quot;slides_per_view_tablet&quot;:&quot;2&quot;,&quot;navigation&quot;:&quot;arrows&quot;,&quot;_animation&quot;:&quot;fadeInUp&quot;,&quot;_animation_delay&quot;:&quot;400&quot;,&quot;slides_per_view&quot;:&quot;2&quot;,&quot;carousel_gap&quot;:{&quot;unit&quot;:&quot;px&quot;,&quot;size&quot;:40,&quot;sizes&quot;:[]},&quot;carousel_gap_tablet&quot;:{&quot;unit&quot;:&quot;px&quot;,&quot;size&quot;:40,&quot;sizes&quot;:[]},&quot;autoplay&quot;:&quot;yes&quot;,&quot;show_hidden&quot;:&quot;right&quot;,&quot;carousel_gap_mobile&quot;:{&quot;unit&quot;:&quot;px&quot;,&quot;size&quot;:&quot;&quot;,&quot;sizes&quot;:[]},&quot;animation_style&quot;:&quot;circular&quot;,&quot;slides_per_view_mobile&quot;:1,&quot;autoplay_speed&quot;:5000,&quot;grab_cursor&quot;:&quot;yes&quot;,&quot;loop&quot;:&quot;true&quot;,&quot;overflow_container&quot;:&quot;container&quot;}\" data-widget_type=\"uicore-advanced-post-carousel.default\">\n\t\t\t\t\t<p style=\"text-align:center\">No posts found.<\/p>\t\t\t\t<\/div>\n\t\t\t\t<div class=\"elementor-element elementor-element-1879980 js-project-ref-btn ap-main--infrastructure ap-sub--related-products elementor-invisible elementor-widget elementor-widget-button\" data-id=\"1879980\" data-element_type=\"widget\" data-settings=\"{&quot;_animation&quot;:&quot;fadeInUp&quot;,&quot;_animation_delay&quot;:&quot;400&quot;}\" data-widget_type=\"button.default\">\n\t\t\t\t\t\t\t\t\t\t<a class=\"elementor-button elementor-button-link elementor-size-sm\" href=\"#\">\n\t\t\t\t\t\t<span class=\"elementor-button-content-wrapper\">\n\t\t\t\t\t\t<span class=\"elementor-button-icon\">\n\t\t\t\t<svg aria-hidden=\"true\" class=\"e-font-icon-svg e-fas-arrow-right\" viewBox=\"0 0 448 512\" xmlns=\"http:\/\/www.w3.org\/2000\/svg\"><path d=\"M190.5 66.9l22.2-22.2c9.4-9.4 24.6-9.4 33.9 0L441 239c9.4 9.4 9.4 24.6 0 33.9L246.6 467.3c-9.4 9.4-24.6 9.4-33.9 0l-22.2-22.2c-9.5-9.5-9.3-25 .4-34.3L311.4 296H24c-13.3 0-24-10.7-24-24v-32c0-13.3 10.7-24 24-24h287.4L190.9 101.2c-9.8-9.3-10-24.8-.4-34.3z\"><\/path><\/svg>\t\t\t<\/span>\n\t\t\t\t\t\t\t\t\t<span class=\"elementor-button-text\">saznaj vi\u0161e<\/span>\n\t\t\t\t\t<\/span>\n\t\t\t\t\t<\/a>\n\t\t\t\t\t\t\t\t<\/div>\n\t\t\t\t<\/div>\n\t\t\t\t\t<\/div>\n\t\t\t\t<\/div>\n\t\t\t\t<\/div>\n\t\t","protected":false},"excerpt":{"rendered":"<p>Povezani proizvodi Pru\u017ene balize letak Natrag na Povezane proizvode Pru\u017ene balize (magneti) PM500 i PM1020 sastavni su dio sustava za automatsko zaustavljanje \u017eeljezni\u010dkih vozila temeljenih na INDUSI-u koji se koriste u sustavu kontrole i sigurnosti vo\u017enje u \u017eeljezni\u010dkom prometu. Balize su pru\u017eni (infrastrukturni) dio ATP sustava i vr\u0161e rezonantni utjecaj na lokomotivski dio sustava kad [&hellip;]<\/p>\n","protected":false},"author":1,"featured_media":7943,"parent":7902,"menu_order":0,"comment_status":"closed","ping_status":"closed","template":"","meta":{"_acf_changed":false,"footnotes":""},"categories":[],"class_list":["post-7941","page","type-page","status-publish","has-post-thumbnail","hentry"],"acf":[],"yoast_head":"<!-- This site is optimized with the Yoast SEO plugin v26.0 - https:\/\/yoast.com\/wordpress\/plugins\/seo\/ -->\n<title>Pru\u017ene balize - ALTPRO<\/title>\n<meta name=\"robots\" content=\"index, follow, max-snippet:-1, max-image-preview:large, max-video-preview:-1\" \/>\n<link rel=\"canonical\" href=\"https:\/\/altpro.com\/hr\/signalno-sigurnosni-sustavi-za-infrastrukturu\/povezani-proizvodi\/pruzne-balize\/\" \/>\n<meta property=\"og:locale\" content=\"hr_HR\" \/>\n<meta property=\"og:type\" content=\"article\" \/>\n<meta property=\"og:title\" content=\"Pru\u017ene balize - ALTPRO\" \/>\n<meta property=\"og:description\" content=\"Povezani proizvodi Pru\u017ene balize letak Natrag na Povezane proizvode Pru\u017ene balize (magneti) PM500 i PM1020 sastavni su dio sustava za automatsko zaustavljanje \u017eeljezni\u010dkih vozila temeljenih na INDUSI-u koji se koriste u sustavu kontrole i sigurnosti vo\u017enje u \u017eeljezni\u010dkom prometu. Balize su pru\u017eni (infrastrukturni) dio ATP sustava i vr\u0161e rezonantni utjecaj na lokomotivski dio sustava kad [&hellip;]\" \/>\n<meta property=\"og:url\" content=\"https:\/\/altpro.com\/hr\/signalno-sigurnosni-sustavi-za-infrastrukturu\/povezani-proizvodi\/pruzne-balize\/\" \/>\n<meta property=\"og:site_name\" content=\"ALTPRO\" \/>\n<meta property=\"article:modified_time\" content=\"2026-01-21T11:29:20+00:00\" \/>\n<meta property=\"og:image\" content=\"https:\/\/altpro.com\/wp-content\/uploads\/2025\/12\/IMG_2814.jpg\" \/>\n\t<meta property=\"og:image:width\" content=\"2048\" \/>\n\t<meta property=\"og:image:height\" content=\"1365\" \/>\n\t<meta property=\"og:image:type\" content=\"image\/jpeg\" \/>\n<meta name=\"twitter:card\" content=\"summary_large_image\" \/>\n<meta name=\"twitter:label1\" content=\"Procijenjeno vrijeme \u010ditanja\" \/>\n\t<meta name=\"twitter:data1\" content=\"2 minute\" \/>\n<script type=\"application\/ld+json\" class=\"yoast-schema-graph\">{\"@context\":\"https:\/\/schema.org\",\"@graph\":[{\"@type\":\"WebPage\",\"@id\":\"https:\/\/altpro.com\/hr\/signalno-sigurnosni-sustavi-za-infrastrukturu\/povezani-proizvodi\/pruzne-balize\/\",\"url\":\"https:\/\/altpro.com\/hr\/signalno-sigurnosni-sustavi-za-infrastrukturu\/povezani-proizvodi\/pruzne-balize\/\",\"name\":\"Pru\u017ene balize - ALTPRO\",\"isPartOf\":{\"@id\":\"https:\/\/altpro.com\/#website\"},\"primaryImageOfPage\":{\"@id\":\"https:\/\/altpro.com\/hr\/signalno-sigurnosni-sustavi-za-infrastrukturu\/povezani-proizvodi\/pruzne-balize\/#primaryimage\"},\"image\":{\"@id\":\"https:\/\/altpro.com\/hr\/signalno-sigurnosni-sustavi-za-infrastrukturu\/povezani-proizvodi\/pruzne-balize\/#primaryimage\"},\"thumbnailUrl\":\"https:\/\/altpro.com\/wp-content\/uploads\/2025\/12\/IMG_2814.jpg\",\"datePublished\":\"2025-12-12T12:45:55+00:00\",\"dateModified\":\"2026-01-21T11:29:20+00:00\",\"breadcrumb\":{\"@id\":\"https:\/\/altpro.com\/hr\/signalno-sigurnosni-sustavi-za-infrastrukturu\/povezani-proizvodi\/pruzne-balize\/#breadcrumb\"},\"inLanguage\":\"hr\",\"potentialAction\":[{\"@type\":\"ReadAction\",\"target\":[\"https:\/\/altpro.com\/hr\/signalno-sigurnosni-sustavi-za-infrastrukturu\/povezani-proizvodi\/pruzne-balize\/\"]}]},{\"@type\":\"ImageObject\",\"inLanguage\":\"hr\",\"@id\":\"https:\/\/altpro.com\/hr\/signalno-sigurnosni-sustavi-za-infrastrukturu\/povezani-proizvodi\/pruzne-balize\/#primaryimage\",\"url\":\"https:\/\/altpro.com\/wp-content\/uploads\/2025\/12\/IMG_2814.jpg\",\"contentUrl\":\"https:\/\/altpro.com\/wp-content\/uploads\/2025\/12\/IMG_2814.jpg\",\"width\":2048,\"height\":1365},{\"@type\":\"BreadcrumbList\",\"@id\":\"https:\/\/altpro.com\/hr\/signalno-sigurnosni-sustavi-za-infrastrukturu\/povezani-proizvodi\/pruzne-balize\/#breadcrumb\",\"itemListElement\":[{\"@type\":\"ListItem\",\"position\":1,\"name\":\"Home\",\"item\":\"https:\/\/altpro.com\/\"},{\"@type\":\"ListItem\",\"position\":2,\"name\":\"Signalno-sigurnosni sustavi za infrastrukturu\",\"item\":\"https:\/\/altpro.com\/hr\/signalno-sigurnosni-sustavi-za-infrastrukturu\/\"},{\"@type\":\"ListItem\",\"position\":3,\"name\":\"Povezani proizvodi\",\"item\":\"https:\/\/altpro.com\/hr\/signalno-sigurnosni-sustavi-za-infrastrukturu\/povezani-proizvodi\/\"},{\"@type\":\"ListItem\",\"position\":4,\"name\":\"Pru\u017ene balize\"}]},{\"@type\":\"WebSite\",\"@id\":\"https:\/\/altpro.com\/#website\",\"url\":\"https:\/\/altpro.com\/\",\"name\":\"ALTPRO\",\"description\":\"We engineer railway safety\",\"potentialAction\":[{\"@type\":\"SearchAction\",\"target\":{\"@type\":\"EntryPoint\",\"urlTemplate\":\"https:\/\/altpro.com\/?s={search_term_string}\"},\"query-input\":{\"@type\":\"PropertyValueSpecification\",\"valueRequired\":true,\"valueName\":\"search_term_string\"}}],\"inLanguage\":\"hr\"}]}<\/script>\n<!-- \/ Yoast SEO plugin. -->","yoast_head_json":{"title":"Pru\u017ene balize - ALTPRO","robots":{"index":"index","follow":"follow","max-snippet":"max-snippet:-1","max-image-preview":"max-image-preview:large","max-video-preview":"max-video-preview:-1"},"canonical":"https:\/\/altpro.com\/hr\/signalno-sigurnosni-sustavi-za-infrastrukturu\/povezani-proizvodi\/pruzne-balize\/","og_locale":"hr_HR","og_type":"article","og_title":"Pru\u017ene balize - ALTPRO","og_description":"Povezani proizvodi Pru\u017ene balize letak Natrag na Povezane proizvode Pru\u017ene balize (magneti) PM500 i PM1020 sastavni su dio sustava za automatsko zaustavljanje \u017eeljezni\u010dkih vozila temeljenih na INDUSI-u koji se koriste u sustavu kontrole i sigurnosti vo\u017enje u \u017eeljezni\u010dkom prometu. Balize su pru\u017eni (infrastrukturni) dio ATP sustava i vr\u0161e rezonantni utjecaj na lokomotivski dio sustava kad [&hellip;]","og_url":"https:\/\/altpro.com\/hr\/signalno-sigurnosni-sustavi-za-infrastrukturu\/povezani-proizvodi\/pruzne-balize\/","og_site_name":"ALTPRO","article_modified_time":"2026-01-21T11:29:20+00:00","og_image":[{"width":2048,"height":1365,"url":"https:\/\/altpro.com\/wp-content\/uploads\/2025\/12\/IMG_2814.jpg","type":"image\/jpeg"}],"twitter_card":"summary_large_image","twitter_misc":{"Procijenjeno vrijeme \u010ditanja":"2 minute"},"schema":{"@context":"https:\/\/schema.org","@graph":[{"@type":"WebPage","@id":"https:\/\/altpro.com\/hr\/signalno-sigurnosni-sustavi-za-infrastrukturu\/povezani-proizvodi\/pruzne-balize\/","url":"https:\/\/altpro.com\/hr\/signalno-sigurnosni-sustavi-za-infrastrukturu\/povezani-proizvodi\/pruzne-balize\/","name":"Pru\u017ene balize - ALTPRO","isPartOf":{"@id":"https:\/\/altpro.com\/#website"},"primaryImageOfPage":{"@id":"https:\/\/altpro.com\/hr\/signalno-sigurnosni-sustavi-za-infrastrukturu\/povezani-proizvodi\/pruzne-balize\/#primaryimage"},"image":{"@id":"https:\/\/altpro.com\/hr\/signalno-sigurnosni-sustavi-za-infrastrukturu\/povezani-proizvodi\/pruzne-balize\/#primaryimage"},"thumbnailUrl":"https:\/\/altpro.com\/wp-content\/uploads\/2025\/12\/IMG_2814.jpg","datePublished":"2025-12-12T12:45:55+00:00","dateModified":"2026-01-21T11:29:20+00:00","breadcrumb":{"@id":"https:\/\/altpro.com\/hr\/signalno-sigurnosni-sustavi-za-infrastrukturu\/povezani-proizvodi\/pruzne-balize\/#breadcrumb"},"inLanguage":"hr","potentialAction":[{"@type":"ReadAction","target":["https:\/\/altpro.com\/hr\/signalno-sigurnosni-sustavi-za-infrastrukturu\/povezani-proizvodi\/pruzne-balize\/"]}]},{"@type":"ImageObject","inLanguage":"hr","@id":"https:\/\/altpro.com\/hr\/signalno-sigurnosni-sustavi-za-infrastrukturu\/povezani-proizvodi\/pruzne-balize\/#primaryimage","url":"https:\/\/altpro.com\/wp-content\/uploads\/2025\/12\/IMG_2814.jpg","contentUrl":"https:\/\/altpro.com\/wp-content\/uploads\/2025\/12\/IMG_2814.jpg","width":2048,"height":1365},{"@type":"BreadcrumbList","@id":"https:\/\/altpro.com\/hr\/signalno-sigurnosni-sustavi-za-infrastrukturu\/povezani-proizvodi\/pruzne-balize\/#breadcrumb","itemListElement":[{"@type":"ListItem","position":1,"name":"Home","item":"https:\/\/altpro.com\/"},{"@type":"ListItem","position":2,"name":"Signalno-sigurnosni sustavi za infrastrukturu","item":"https:\/\/altpro.com\/hr\/signalno-sigurnosni-sustavi-za-infrastrukturu\/"},{"@type":"ListItem","position":3,"name":"Povezani proizvodi","item":"https:\/\/altpro.com\/hr\/signalno-sigurnosni-sustavi-za-infrastrukturu\/povezani-proizvodi\/"},{"@type":"ListItem","position":4,"name":"Pru\u017ene balize"}]},{"@type":"WebSite","@id":"https:\/\/altpro.com\/#website","url":"https:\/\/altpro.com\/","name":"ALTPRO","description":"We engineer railway safety","potentialAction":[{"@type":"SearchAction","target":{"@type":"EntryPoint","urlTemplate":"https:\/\/altpro.com\/?s={search_term_string}"},"query-input":{"@type":"PropertyValueSpecification","valueRequired":true,"valueName":"search_term_string"}}],"inLanguage":"hr"}]}},"_links":{"self":[{"href":"https:\/\/altpro.com\/hr\/wp-json\/wp\/v2\/pages\/7941","targetHints":{"allow":["GET"]}}],"collection":[{"href":"https:\/\/altpro.com\/hr\/wp-json\/wp\/v2\/pages"}],"about":[{"href":"https:\/\/altpro.com\/hr\/wp-json\/wp\/v2\/types\/page"}],"author":[{"embeddable":true,"href":"https:\/\/altpro.com\/hr\/wp-json\/wp\/v2\/users\/1"}],"replies":[{"embeddable":true,"href":"https:\/\/altpro.com\/hr\/wp-json\/wp\/v2\/comments?post=7941"}],"version-history":[{"count":29,"href":"https:\/\/altpro.com\/hr\/wp-json\/wp\/v2\/pages\/7941\/revisions"}],"predecessor-version":[{"id":9609,"href":"https:\/\/altpro.com\/hr\/wp-json\/wp\/v2\/pages\/7941\/revisions\/9609"}],"up":[{"embeddable":true,"href":"https:\/\/altpro.com\/hr\/wp-json\/wp\/v2\/pages\/7902"}],"wp:featuredmedia":[{"embeddable":true,"href":"https:\/\/altpro.com\/hr\/wp-json\/wp\/v2\/media\/7943"}],"wp:attachment":[{"href":"https:\/\/altpro.com\/hr\/wp-json\/wp\/v2\/media?parent=7941"}],"wp:term":[{"taxonomy":"category","embeddable":true,"href":"https:\/\/altpro.com\/hr\/wp-json\/wp\/v2\/categories?post=7941"}],"curies":[{"name":"wp","href":"https:\/\/api.w.org\/{rel}","templated":true}]}}