{"id":7730,"date":"2024-09-02T11:13:12","date_gmt":"2024-09-02T11:13:12","guid":{"rendered":"https:\/\/altpro.com\/contact\/"},"modified":"2026-01-12T14:12:01","modified_gmt":"2026-01-12T14:12:01","slug":"kontakt","status":"publish","type":"page","link":"https:\/\/altpro.com\/hr\/kontakt\/","title":{"rendered":"Kontakt"},"content":{"rendered":"\t\t<div data-elementor-type=\"wp-page\" data-elementor-id=\"7730\" class=\"elementor elementor-7730 elementor-207\" data-elementor-settings=\"{&quot;element_pack_global_tooltip_width&quot;:{&quot;unit&quot;:&quot;px&quot;,&quot;size&quot;:&quot;&quot;,&quot;sizes&quot;:[]},&quot;element_pack_global_tooltip_width_tablet&quot;:{&quot;unit&quot;:&quot;px&quot;,&quot;size&quot;:&quot;&quot;,&quot;sizes&quot;:[]},&quot;element_pack_global_tooltip_width_mobile&quot;:{&quot;unit&quot;:&quot;px&quot;,&quot;size&quot;:&quot;&quot;,&quot;sizes&quot;:[]},&quot;element_pack_global_tooltip_padding&quot;:{&quot;unit&quot;:&quot;px&quot;,&quot;top&quot;:&quot;&quot;,&quot;right&quot;:&quot;&quot;,&quot;bottom&quot;:&quot;&quot;,&quot;left&quot;:&quot;&quot;,&quot;isLinked&quot;:true},&quot;element_pack_global_tooltip_padding_tablet&quot;:{&quot;unit&quot;:&quot;px&quot;,&quot;top&quot;:&quot;&quot;,&quot;right&quot;:&quot;&quot;,&quot;bottom&quot;:&quot;&quot;,&quot;left&quot;:&quot;&quot;,&quot;isLinked&quot;:true},&quot;element_pack_global_tooltip_padding_mobile&quot;:{&quot;unit&quot;:&quot;px&quot;,&quot;top&quot;:&quot;&quot;,&quot;right&quot;:&quot;&quot;,&quot;bottom&quot;:&quot;&quot;,&quot;left&quot;:&quot;&quot;,&quot;isLinked&quot;:true},&quot;element_pack_global_tooltip_border_radius&quot;:{&quot;unit&quot;:&quot;px&quot;,&quot;top&quot;:&quot;&quot;,&quot;right&quot;:&quot;&quot;,&quot;bottom&quot;:&quot;&quot;,&quot;left&quot;:&quot;&quot;,&quot;isLinked&quot;:true},&quot;element_pack_global_tooltip_border_radius_tablet&quot;:{&quot;unit&quot;:&quot;px&quot;,&quot;top&quot;:&quot;&quot;,&quot;right&quot;:&quot;&quot;,&quot;bottom&quot;:&quot;&quot;,&quot;left&quot;:&quot;&quot;,&quot;isLinked&quot;:true},&quot;element_pack_global_tooltip_border_radius_mobile&quot;:{&quot;unit&quot;:&quot;px&quot;,&quot;top&quot;:&quot;&quot;,&quot;right&quot;:&quot;&quot;,&quot;bottom&quot;:&quot;&quot;,&quot;left&quot;:&quot;&quot;,&quot;isLinked&quot;:true}}\">\n\t\t\t\t<div class=\"elementor-element elementor-element-601d58b e-con-full e-flex e-con e-parent\" data-id=\"601d58b\" data-element_type=\"container\" data-settings=\"{&quot;background_background&quot;:&quot;classic&quot;}\">\n\t\t<div class=\"elementor-element elementor-element-7166ab2 e-flex e-con-boxed e-con e-child\" data-id=\"7166ab2\" data-element_type=\"container\">\n\t\t\t\t\t<div class=\"e-con-inner\">\n\t\t<div class=\"elementor-element elementor-element-db24b99 e-con-full e-flex e-con e-child\" data-id=\"db24b99\" data-element_type=\"container\">\n\t\t\t\t<div class=\"elementor-element elementor-element-dba0286  ui-split-animate ui-splitby-lines ui-e-a-animate elementor-widget elementor-widget-highlighted-text\" data-id=\"dba0286\" data-element_type=\"widget\" data-settings=\"{&quot;ui_animate_split&quot;:&quot;ui-split-animate&quot;,&quot;ui_animate_split_by&quot;:&quot;lines&quot;,&quot;ui_animate_split_style&quot;:&quot;fadeInRight&quot;}\" data-widget_type=\"highlighted-text.default\">\n\t\t\t\t\t        <h1 class=\"ui-e--highlighted-text\">\n            <span class=\"ui-e-headline-text elementor-repeater-item-97d79e9\">Kontakt<\/span>        <\/h1>\n    \t\t\t\t<\/div>\n\t\t\t\t<\/div>\n\t\t\t\t\t<\/div>\n\t\t\t\t<\/div>\n\t\t\t\t<div class=\"elementor-element elementor-element-3a55596 elementor-widget__width-initial elementor-absolute e-transform elementor-widget elementor-widget-spacer\" data-id=\"3a55596\" data-element_type=\"widget\" data-settings=\"{&quot;_position&quot;:&quot;absolute&quot;,&quot;_transform_skewX_effect&quot;:{&quot;unit&quot;:&quot;px&quot;,&quot;size&quot;:-40,&quot;sizes&quot;:[]},&quot;_transform_skewX_effect_tablet&quot;:{&quot;unit&quot;:&quot;deg&quot;,&quot;size&quot;:&quot;&quot;,&quot;sizes&quot;:[]},&quot;_transform_skewX_effect_mobile&quot;:{&quot;unit&quot;:&quot;deg&quot;,&quot;size&quot;:&quot;&quot;,&quot;sizes&quot;:[]},&quot;_transform_skewY_effect&quot;:{&quot;unit&quot;:&quot;px&quot;,&quot;size&quot;:&quot;&quot;,&quot;sizes&quot;:[]},&quot;_transform_skewY_effect_tablet&quot;:{&quot;unit&quot;:&quot;deg&quot;,&quot;size&quot;:&quot;&quot;,&quot;sizes&quot;:[]},&quot;_transform_skewY_effect_mobile&quot;:{&quot;unit&quot;:&quot;deg&quot;,&quot;size&quot;:&quot;&quot;,&quot;sizes&quot;:[]}}\" data-widget_type=\"spacer.default\">\n\t\t\t\t\t\t\t<div class=\"elementor-spacer\">\n\t\t\t<div class=\"elementor-spacer-inner\"><\/div>\n\t\t<\/div>\n\t\t\t\t\t\t<\/div>\n\t\t\t\t<\/div>\n\t\t<div class=\"elementor-element elementor-element-e8dafc2 e-flex e-con-boxed e-con e-parent\" data-id=\"e8dafc2\" data-element_type=\"container\">\n\t\t\t\t\t<div class=\"e-con-inner\">\n\t\t<div class=\"elementor-element elementor-element-53787d3 e-con-full e-flex e-con e-child\" data-id=\"53787d3\" data-element_type=\"container\">\n\t\t<div class=\"elementor-element elementor-element-07e7c97 e-con-full e-flex e-con e-child\" data-id=\"07e7c97\" data-element_type=\"container\">\n\t\t\t\t<\/div>\n\t\t<div class=\"elementor-element elementor-element-35437da e-con-full e-flex e-con e-child\" data-id=\"35437da\" data-element_type=\"container\">\n\t\t<div class=\"elementor-element elementor-element-1bcec66 e-con-full e-flex e-con e-child\" data-id=\"1bcec66\" data-element_type=\"container\">\n\t\t\t\t<div class=\"elementor-element elementor-element-bd8a363 elementor-widget__width-initial elementor-widget-mobile__width-inherit elementor-invisible elementor-widget elementor-widget-heading\" data-id=\"bd8a363\" data-element_type=\"widget\" data-settings=\"{&quot;_animation&quot;:&quot;fadeInUp&quot;,&quot;_animation_delay&quot;:&quot;400&quot;}\" data-widget_type=\"heading.default\">\n\t\t\t\t\t<h3 class=\"elementor-heading-title elementor-size-default\">Za sva pitanja, komentare ili prijedloge, slobodno nas kontaktirajte putem e-maila ili telefona. Rado \u0107emo vam pomo\u0107i!<\/h3>\t\t\t\t<\/div>\n\t\t\t\t<\/div>\n\t\t<div class=\"elementor-element elementor-element-fd06d30 e-con-full e-flex e-con e-child\" data-id=\"fd06d30\" data-element_type=\"container\">\n\t\t<div class=\"elementor-element elementor-element-c133ce5 e-con-full e-flex e-con e-child\" data-id=\"c133ce5\" data-element_type=\"container\">\n\t\t\t\t<div class=\"elementor-element elementor-element-38e04bd elementor-widget elementor-widget-heading\" data-id=\"38e04bd\" data-element_type=\"widget\" data-widget_type=\"heading.default\">\n\t\t\t\t\t<p class=\"elementor-heading-title elementor-size-default\">E-mail:<\/p>\t\t\t\t<\/div>\n\t\t\t\t<div class=\"elementor-element elementor-element-58d629d elementor-widget elementor-widget-text-editor\" data-id=\"58d629d\" data-element_type=\"widget\" data-widget_type=\"text-editor.default\">\n\t\t\t\t\t\t\t\t\t<p><a href=\"mailto:altpro@altpro.hr\">altpro@altpro.hr<\/a><\/p>\t\t\t\t\t\t\t\t<\/div>\n\t\t\t\t<\/div>\n\t\t<div class=\"elementor-element elementor-element-95b0b23 e-con-full e-flex e-con e-child\" data-id=\"95b0b23\" data-element_type=\"container\">\n\t\t\t\t<div class=\"elementor-element elementor-element-d2db041 elementor-widget elementor-widget-heading\" data-id=\"d2db041\" data-element_type=\"widget\" data-widget_type=\"heading.default\">\n\t\t\t\t\t<p class=\"elementor-heading-title elementor-size-default\">Telefon:<\/p>\t\t\t\t<\/div>\n\t\t\t\t<div class=\"elementor-element elementor-element-217b42c elementor-widget elementor-widget-text-editor\" data-id=\"217b42c\" data-element_type=\"widget\" data-widget_type=\"text-editor.default\">\n\t\t\t\t\t\t\t\t\t<p><a href=\"tel:+38516011700\">+385 1 6011 700<\/a><\/p>\t\t\t\t\t\t\t\t<\/div>\n\t\t\t\t<\/div>\n\t\t<div class=\"elementor-element elementor-element-519a1f2 e-con-full e-flex e-con e-child\" data-id=\"519a1f2\" data-element_type=\"container\">\n\t\t\t\t<div class=\"elementor-element elementor-element-7dcfae4 elementor-widget elementor-widget-heading\" data-id=\"7dcfae4\" data-element_type=\"widget\" data-widget_type=\"heading.default\">\n\t\t\t\t\t<p class=\"elementor-heading-title elementor-size-default\">Za tehni\u010dku pomo\u0107 nakon isporuke, molimo kontaktirajte:<\/p>\t\t\t\t<\/div>\n\t\t\t\t<div class=\"elementor-element elementor-element-08afc52 elementor-widget elementor-widget-text-editor\" data-id=\"08afc52\" data-element_type=\"widget\" data-widget_type=\"text-editor.default\">\n\t\t\t\t\t\t\t\t\t<p><a href=\"mailto:support@altpro.hr\">support@altpro.hr<\/a><\/p>\t\t\t\t\t\t\t\t<\/div>\n\t\t\t\t<\/div>\n\t\t\t\t<\/div>\n\t\t\t\t<\/div>\n\t\t<div class=\"elementor-element elementor-element-e95812f e-con-full e-flex e-con e-child\" data-id=\"e95812f\" data-element_type=\"container\">\n\t\t<div class=\"elementor-element elementor-element-b34a378 e-con-full e-flex e-con e-child\" data-id=\"b34a378\" data-element_type=\"container\">\n\t\t\t\t<div class=\"elementor-element elementor-element-6e22586 elementor-widget__width-initial elementor-widget-mobile__width-inherit elementor-invisible elementor-widget elementor-widget-heading\" data-id=\"6e22586\" data-element_type=\"widget\" data-settings=\"{&quot;_animation&quot;:&quot;fadeInUp&quot;,&quot;_animation_delay&quot;:&quot;400&quot;}\" data-widget_type=\"heading.default\">\n\t\t\t\t\t<p class=\"elementor-heading-title elementor-size-default\">Sjedi\u0161te tvrtke<\/p>\t\t\t\t<\/div>\n\t\t\t\t<div class=\"elementor-element elementor-element-113b256 elementor-widget elementor-widget-html\" data-id=\"113b256\" data-element_type=\"widget\" data-widget_type=\"html.default\">\n\t\t\t\t\t<iframe src=\"https:\/\/www.google.com\/maps\/embed?pb=!1m18!1m12!1m3!1d15721.93645525977!2d15.99190862205918!3d45.74100896870593!2m3!1f0!2f0!3f0!3m2!1i1024!2i768!4f13.1!3m3!1m2!1s0x47667f7df6c0cfcd%3A0xe8e5947bb78f3f35!2sVelika%20cesta%2041%2C%2010000%2C%20Odra!5e1!3m2!1shr!2shr!4v1760439981153!5m2!1shr!2shr\" width=\"100%\" height=\"450\" style=\"border:0;\" allowfullscreen=\"\" loading=\"lazy\" referrerpolicy=\"no-referrer-when-downgrade\"><\/iframe>\t\t\t\t<\/div>\n\t\t\t\t<div class=\"elementor-element elementor-element-2f590bb elementor-widget elementor-widget-text-editor\" data-id=\"2f590bb\" data-element_type=\"widget\" data-widget_type=\"text-editor.default\">\n\t\t\t\t\t\t\t\t\t<p>Velika cesta 41, 10020 Zagreb \u2013 Odra.<br \/>Hrvatska (EU)<\/p>\t\t\t\t\t\t\t\t<\/div>\n\t\t\t\t<\/div>\n\t\t<div class=\"elementor-element elementor-element-ece1ea1 e-con-full e-flex e-con e-child\" data-id=\"ece1ea1\" data-element_type=\"container\">\n\t\t\t\t<div class=\"elementor-element elementor-element-8769653 elementor-widget__width-initial elementor-widget-mobile__width-inherit elementor-invisible elementor-widget elementor-widget-heading\" data-id=\"8769653\" data-element_type=\"widget\" data-settings=\"{&quot;_animation&quot;:&quot;fadeInUp&quot;,&quot;_animation_delay&quot;:&quot;400&quot;}\" data-widget_type=\"heading.default\">\n\t\t\t\t\t<p class=\"elementor-heading-title elementor-size-default\">Proizvodni pogon<\/p>\t\t\t\t<\/div>\n\t\t\t\t<div class=\"elementor-element elementor-element-ec010a1 elementor-widget elementor-widget-html\" data-id=\"ec010a1\" data-element_type=\"widget\" data-widget_type=\"html.default\">\n\t\t\t\t\t<iframe src=\"https:\/\/www.google.com\/maps\/embed?pb=!1m18!1m12!1m3!1d15708.024698835947!2d16.043370003754745!3d45.711188964804606!2m3!1f0!2f0!3f0!3m2!1i1024!2i768!4f13.1!3m3!1m2!1s0x47667f4e9b396261%3A0x55a8dfbfd7b740f6!2sVukomeri%C4%8Dka%201c%2C%2010410%2C%20Velika%20Gorica!5e1!3m2!1shr!2shr!4v1760440057896!5m2!1shr!2shr\" width=\"100%\" height=\"450\" style=\"border:0;\" allowfullscreen=\"\" loading=\"lazy\" referrerpolicy=\"no-referrer-when-downgrade\"><\/iframe>\t\t\t\t<\/div>\n\t\t\t\t<div class=\"elementor-element elementor-element-43eba56 elementor-widget elementor-widget-text-editor\" data-id=\"43eba56\" data-element_type=\"widget\" data-widget_type=\"text-editor.default\">\n\t\t\t\t\t\t\t\t\t<p>Vukomeri\u010dka ulica 1c, 10410 Velika Gorica,<br \/>Hrvatska (EU)<\/p>\t\t\t\t\t\t\t\t<\/div>\n\t\t\t\t<\/div>\n\t\t\t\t<\/div>\n\t\t\t\t<\/div>\n\t\t\t\t\t<\/div>\n\t\t\t\t<\/div>\n\t\t\t\t<\/div>\n\t\t","protected":false},"excerpt":{"rendered":"<p>Kontakt Za sva pitanja, komentare ili prijedloge, slobodno nas kontaktirajte putem e-maila ili telefona. Rado \u0107emo vam pomo\u0107i! E-mail: altpro@altpro.hr Telefon: +385 1 6011 700 Za tehni\u010dku pomo\u0107 nakon isporuke, molimo kontaktirajte: support@altpro.hr Sjedi\u0161te tvrtke Velika cesta 41, 10020 Zagreb \u2013 Odra.Hrvatska (EU) Proizvodni pogon Vukomeri\u010dka ulica 1c, 10410 Velika Gorica,Hrvatska (EU)<\/p>\n","protected":false},"author":1,"featured_media":7731,"parent":0,"menu_order":0,"comment_status":"closed","ping_status":"closed","template":"","meta":{"_acf_changed":false,"footnotes":""},"categories":[],"class_list":["post-7730","page","type-page","status-publish","has-post-thumbnail","hentry"],"acf":[],"yoast_head":"<!-- This site is optimized with the Yoast SEO plugin v26.0 - https:\/\/yoast.com\/wordpress\/plugins\/seo\/ -->\n<title>Kontakt - ALTPRO<\/title>\n<meta name=\"robots\" content=\"index, follow, max-snippet:-1, max-image-preview:large, max-video-preview:-1\" \/>\n<link rel=\"canonical\" href=\"https:\/\/altpro.com\/hr\/kontakt\/\" \/>\n<meta property=\"og:locale\" content=\"hr_HR\" \/>\n<meta property=\"og:type\" content=\"article\" \/>\n<meta property=\"og:title\" content=\"Kontakt - ALTPRO\" \/>\n<meta property=\"og:description\" content=\"Kontakt Za sva pitanja, komentare ili prijedloge, slobodno nas kontaktirajte putem e-maila ili telefona. Rado \u0107emo vam pomo\u0107i! E-mail: altpro@altpro.hr Telefon: +385 1 6011 700 Za tehni\u010dku pomo\u0107 nakon isporuke, molimo kontaktirajte: support@altpro.hr Sjedi\u0161te tvrtke Velika cesta 41, 10020 Zagreb \u2013 Odra.Hrvatska (EU) Proizvodni pogon Vukomeri\u010dka ulica 1c, 10410 Velika Gorica,Hrvatska (EU)\" \/>\n<meta property=\"og:url\" content=\"https:\/\/altpro.com\/hr\/kontakt\/\" \/>\n<meta property=\"og:site_name\" content=\"ALTPRO\" \/>\n<meta property=\"article:modified_time\" content=\"2026-01-12T14:12:01+00:00\" \/>\n<meta property=\"og:image\" content=\"https:\/\/altpro.com\/wp-content\/uploads\/2025\/09\/IMG_6577.webp\" \/>\n\t<meta property=\"og:image:width\" content=\"1600\" \/>\n\t<meta property=\"og:image:height\" content=\"1066\" \/>\n\t<meta property=\"og:image:type\" content=\"image\/webp\" \/>\n<meta name=\"twitter:card\" content=\"summary_large_image\" \/>\n<meta name=\"twitter:label1\" content=\"Procijenjeno vrijeme \u010ditanja\" \/>\n\t<meta name=\"twitter:data1\" content=\"1 minuta\" \/>\n<script type=\"application\/ld+json\" class=\"yoast-schema-graph\">{\"@context\":\"https:\/\/schema.org\",\"@graph\":[{\"@type\":\"WebPage\",\"@id\":\"https:\/\/altpro.com\/hr\/kontakt\/\",\"url\":\"https:\/\/altpro.com\/hr\/kontakt\/\",\"name\":\"Kontakt - ALTPRO\",\"isPartOf\":{\"@id\":\"https:\/\/altpro.com\/#website\"},\"primaryImageOfPage\":{\"@id\":\"https:\/\/altpro.com\/hr\/kontakt\/#primaryimage\"},\"image\":{\"@id\":\"https:\/\/altpro.com\/hr\/kontakt\/#primaryimage\"},\"thumbnailUrl\":\"https:\/\/altpro.com\/wp-content\/uploads\/2025\/09\/IMG_6577.webp\",\"datePublished\":\"2024-09-02T11:13:12+00:00\",\"dateModified\":\"2026-01-12T14:12:01+00:00\",\"breadcrumb\":{\"@id\":\"https:\/\/altpro.com\/hr\/kontakt\/#breadcrumb\"},\"inLanguage\":\"hr\",\"potentialAction\":[{\"@type\":\"ReadAction\",\"target\":[\"https:\/\/altpro.com\/hr\/kontakt\/\"]}]},{\"@type\":\"ImageObject\",\"inLanguage\":\"hr\",\"@id\":\"https:\/\/altpro.com\/hr\/kontakt\/#primaryimage\",\"url\":\"https:\/\/altpro.com\/wp-content\/uploads\/2025\/09\/IMG_6577.webp\",\"contentUrl\":\"https:\/\/altpro.com\/wp-content\/uploads\/2025\/09\/IMG_6577.webp\",\"width\":1600,\"height\":1066},{\"@type\":\"BreadcrumbList\",\"@id\":\"https:\/\/altpro.com\/hr\/kontakt\/#breadcrumb\",\"itemListElement\":[{\"@type\":\"ListItem\",\"position\":1,\"name\":\"Home\",\"item\":\"https:\/\/altpro.com\/\"},{\"@type\":\"ListItem\",\"position\":2,\"name\":\"Kontakt\"}]},{\"@type\":\"WebSite\",\"@id\":\"https:\/\/altpro.com\/#website\",\"url\":\"https:\/\/altpro.com\/\",\"name\":\"ALTPRO\",\"description\":\"We engineer railway safety\",\"potentialAction\":[{\"@type\":\"SearchAction\",\"target\":{\"@type\":\"EntryPoint\",\"urlTemplate\":\"https:\/\/altpro.com\/?s={search_term_string}\"},\"query-input\":{\"@type\":\"PropertyValueSpecification\",\"valueRequired\":true,\"valueName\":\"search_term_string\"}}],\"inLanguage\":\"hr\"}]}<\/script>\n<!-- \/ Yoast SEO plugin. -->","yoast_head_json":{"title":"Kontakt - ALTPRO","robots":{"index":"index","follow":"follow","max-snippet":"max-snippet:-1","max-image-preview":"max-image-preview:large","max-video-preview":"max-video-preview:-1"},"canonical":"https:\/\/altpro.com\/hr\/kontakt\/","og_locale":"hr_HR","og_type":"article","og_title":"Kontakt - ALTPRO","og_description":"Kontakt Za sva pitanja, komentare ili prijedloge, slobodno nas kontaktirajte putem e-maila ili telefona. Rado \u0107emo vam pomo\u0107i! E-mail: altpro@altpro.hr Telefon: +385 1 6011 700 Za tehni\u010dku pomo\u0107 nakon isporuke, molimo kontaktirajte: support@altpro.hr Sjedi\u0161te tvrtke Velika cesta 41, 10020 Zagreb \u2013 Odra.Hrvatska (EU) Proizvodni pogon Vukomeri\u010dka ulica 1c, 10410 Velika Gorica,Hrvatska (EU)","og_url":"https:\/\/altpro.com\/hr\/kontakt\/","og_site_name":"ALTPRO","article_modified_time":"2026-01-12T14:12:01+00:00","og_image":[{"width":1600,"height":1066,"url":"https:\/\/altpro.com\/wp-content\/uploads\/2025\/09\/IMG_6577.webp","type":"image\/webp"}],"twitter_card":"summary_large_image","twitter_misc":{"Procijenjeno vrijeme \u010ditanja":"1 minuta"},"schema":{"@context":"https:\/\/schema.org","@graph":[{"@type":"WebPage","@id":"https:\/\/altpro.com\/hr\/kontakt\/","url":"https:\/\/altpro.com\/hr\/kontakt\/","name":"Kontakt - ALTPRO","isPartOf":{"@id":"https:\/\/altpro.com\/#website"},"primaryImageOfPage":{"@id":"https:\/\/altpro.com\/hr\/kontakt\/#primaryimage"},"image":{"@id":"https:\/\/altpro.com\/hr\/kontakt\/#primaryimage"},"thumbnailUrl":"https:\/\/altpro.com\/wp-content\/uploads\/2025\/09\/IMG_6577.webp","datePublished":"2024-09-02T11:13:12+00:00","dateModified":"2026-01-12T14:12:01+00:00","breadcrumb":{"@id":"https:\/\/altpro.com\/hr\/kontakt\/#breadcrumb"},"inLanguage":"hr","potentialAction":[{"@type":"ReadAction","target":["https:\/\/altpro.com\/hr\/kontakt\/"]}]},{"@type":"ImageObject","inLanguage":"hr","@id":"https:\/\/altpro.com\/hr\/kontakt\/#primaryimage","url":"https:\/\/altpro.com\/wp-content\/uploads\/2025\/09\/IMG_6577.webp","contentUrl":"https:\/\/altpro.com\/wp-content\/uploads\/2025\/09\/IMG_6577.webp","width":1600,"height":1066},{"@type":"BreadcrumbList","@id":"https:\/\/altpro.com\/hr\/kontakt\/#breadcrumb","itemListElement":[{"@type":"ListItem","position":1,"name":"Home","item":"https:\/\/altpro.com\/"},{"@type":"ListItem","position":2,"name":"Kontakt"}]},{"@type":"WebSite","@id":"https:\/\/altpro.com\/#website","url":"https:\/\/altpro.com\/","name":"ALTPRO","description":"We engineer railway safety","potentialAction":[{"@type":"SearchAction","target":{"@type":"EntryPoint","urlTemplate":"https:\/\/altpro.com\/?s={search_term_string}"},"query-input":{"@type":"PropertyValueSpecification","valueRequired":true,"valueName":"search_term_string"}}],"inLanguage":"hr"}]}},"_links":{"self":[{"href":"https:\/\/altpro.com\/hr\/wp-json\/wp\/v2\/pages\/7730","targetHints":{"allow":["GET"]}}],"collection":[{"href":"https:\/\/altpro.com\/hr\/wp-json\/wp\/v2\/pages"}],"about":[{"href":"https:\/\/altpro.com\/hr\/wp-json\/wp\/v2\/types\/page"}],"author":[{"embeddable":true,"href":"https:\/\/altpro.com\/hr\/wp-json\/wp\/v2\/users\/1"}],"replies":[{"embeddable":true,"href":"https:\/\/altpro.com\/hr\/wp-json\/wp\/v2\/comments?post=7730"}],"version-history":[{"count":7,"href":"https:\/\/altpro.com\/hr\/wp-json\/wp\/v2\/pages\/7730\/revisions"}],"predecessor-version":[{"id":8344,"href":"https:\/\/altpro.com\/hr\/wp-json\/wp\/v2\/pages\/7730\/revisions\/8344"}],"wp:featuredmedia":[{"embeddable":true,"href":"https:\/\/altpro.com\/hr\/wp-json\/wp\/v2\/media\/7731"}],"wp:attachment":[{"href":"https:\/\/altpro.com\/hr\/wp-json\/wp\/v2\/media?parent=7730"}],"wp:term":[{"taxonomy":"category","embeddable":true,"href":"https:\/\/altpro.com\/hr\/wp-json\/wp\/v2\/categories?post=7730"}],"curies":[{"name":"wp","href":"https:\/\/api.w.org\/{rel}","templated":true}]}}